{"id":79,"date":"2025-08-01T09:25:51","date_gmt":"2025-08-01T09:25:51","guid":{"rendered":"https:\/\/doblhofer.at\/?page_id=79"},"modified":"2025-08-01T10:51:07","modified_gmt":"2025-08-01T10:51:07","slug":"datenschutz","status":"publish","type":"page","link":"https:\/\/doblhofer.at\/?page_id=79","title":{"rendered":"Datenschutzerkl\u00e4rung"},"content":{"rendered":"<h3 style=\"text-align: left;\">1. Allgemeine Hinweise<\/h3>\n<p style=\"text-align: left;\">Der Schutz Ihrer pers\u00f6nlichen Daten ist uns ein besonderes Anliegen. Wir behandeln Ihre personenbezogenen Daten vertraulich und entsprechend der gesetzlichen Datenschutzvorschriften sowie dieser Datenschutzerkl\u00e4rung.<\/p>\n<h3 style=\"text-align: left;\">2. Verantwortliche Stelle<\/h3>\n<p style=\"text-align: left;\">Verantwortlich f\u00fcr die Datenverarbeitung auf dieser Website ist:<\/p>\n<p style=\"text-align: left;\"><strong>Hermann Doblhofer GmbH &amp; Co. KG<\/strong><br \/>\nGhegastra\u00dfe 18, 4020 Linz<br \/>\n0732 65 72 44<br \/>\n<a href=\"mailto:amort@doblhofer.at\">amort@doblhofer.at<\/a><br \/>\nStefan Amort<\/p>\n<h3 style=\"text-align: left;\">3. Erhebung und Speicherung personenbezogener Daten sowie Art und Zweck von deren Verwendung<\/h3>\n<h4 style=\"text-align: left;\">a) Beim Besuch der Website<\/h4>\n<p style=\"text-align: left;\">Beim Aufrufen unserer Website werden durch den Browser automatisch Informationen an den Server unserer Website gesendet. Diese Informationen werden tempor\u00e4r in einem sogenannten Logfile gespeichert. Dabei handelt es sich um:<\/p>\n<ul style=\"text-align: left;\">\n<li>IP-Adresse des anfragenden Rechners<\/li>\n<li>Datum und Uhrzeit des Zugriffs<\/li>\n<li>Name und URL der abgerufenen Datei<\/li>\n<li>Website, von der aus der Zugriff erfolgt<\/li>\n<li>verwendeter Browser und ggf. das Betriebssystem Ihres Rechners<\/li>\n<\/ul>\n<p style=\"text-align: left;\">Diese Daten sind technisch erforderlich, um die Website korrekt anzuzeigen und die Systemsicherheit zu gew\u00e4hrleisten. Eine Zusammenf\u00fchrung dieser Daten mit anderen Datenquellen wird nicht vorgenommen.<\/p>\n<h3 style=\"text-align: left;\">4. Cookies<\/h3>\n<p style=\"text-align: left;\">Unsere Website verwendet teilweise sogenannte Cookies. Cookies richten auf Ihrem Rechner keinen Schaden an und enthalten keine Viren. Sie dienen dazu, unser Angebot nutzerfreundlicher zu gestalten.<br \/>\nSie k\u00f6nnen Ihren Browser so einstellen, dass Sie \u00fcber das Setzen von Cookies informiert werden, Cookies nur im Einzelfall erlauben oder generell ausschlie\u00dfen.<\/p>\n<h3 style=\"text-align: left;\"><\/h3>\n<h3 style=\"text-align: left;\">5. Ihre Rechte als betroffene Person<\/h3>\n<p style=\"text-align: left;\">Sie haben jederzeit das Recht:<\/p>\n<ul style=\"text-align: left;\">\n<li>auf Auskunft \u00fcber Ihre gespeicherten personenbezogenen Daten<\/li>\n<li>auf Berichtigung oder L\u00f6schung dieser Daten<\/li>\n<li>auf Einschr\u00e4nkung der Verarbeitung<\/li>\n<li>auf Widerspruch gegen die Verarbeitung<\/li>\n<li>auf Daten\u00fcbertragbarkeit<\/li>\n<li>sich bei einer Aufsichtsbeh\u00f6rde zu beschweren<\/li>\n<\/ul>\n<h3 style=\"text-align: left;\">6. SSL- bzw. TLS-Verschl\u00fcsselung<\/h3>\n<p style=\"text-align: left;\">Diese Seite nutzt aus Sicherheitsgr\u00fcnden eine SSL- bzw. TLS-Verschl\u00fcsselung.<\/p>\n<h3 style=\"text-align: left;\">7. Aktualit\u00e4t und \u00c4nderung dieser Datenschutzerkl\u00e4rung<\/h3>\n<p style=\"text-align: left;\">Diese Datenschutzerkl\u00e4rung ist aktuell g\u00fcltig und hat den Stand <strong>01. August 2025<\/strong>.<br \/>\nDurch die Weiterentwicklung unserer Website oder aufgrund ge\u00e4nderter gesetzlicher Vorgaben kann es notwendig werden, diese Datenschutzerkl\u00e4rung zu \u00e4ndern.<\/p>\n","protected":false},"excerpt":{"rendered":"<p>1. Allgemeine Hinweise Der Schutz Ihrer pers\u00f6nlichen Daten ist uns ein besonderes Anliegen. Wir behandeln Ihre personenbezogenen Daten vertraulich und entsprechend der gesetzlichen Datenschutzvorschriften sowie dieser Datenschutzerkl\u00e4rung. 2. Verantwortliche Stelle Verantwortlich f\u00fcr die Datenverarbeitung auf dieser Website ist: Hermann Doblhofer GmbH &amp; Co. KG Ghegastra\u00dfe 18, 4020 Linz 0732 65 72 44 amort@doblhofer.at Stefan Amort [&hellip;]<\/p>\n","protected":false},"author":2,"featured_media":0,"parent":0,"menu_order":0,"comment_status":"closed","ping_status":"closed","template":"","meta":{"footnotes":""},"class_list":["post-79","page","type-page","status-publish","hentry","post"],"_links":{"self":[{"href":"https:\/\/doblhofer.at\/index.php?rest_route=\/wp\/v2\/pages\/79","targetHints":{"allow":["GET"]}}],"collection":[{"href":"https:\/\/doblhofer.at\/index.php?rest_route=\/wp\/v2\/pages"}],"about":[{"href":"https:\/\/doblhofer.at\/index.php?rest_route=\/wp\/v2\/types\/page"}],"author":[{"embeddable":true,"href":"https:\/\/doblhofer.at\/index.php?rest_route=\/wp\/v2\/users\/2"}],"replies":[{"embeddable":true,"href":"https:\/\/doblhofer.at\/index.php?rest_route=%2Fwp%2Fv2%2Fcomments&post=79"}],"version-history":[{"count":4,"href":"https:\/\/doblhofer.at\/index.php?rest_route=\/wp\/v2\/pages\/79\/revisions"}],"predecessor-version":[{"id":98,"href":"https:\/\/doblhofer.at\/index.php?rest_route=\/wp\/v2\/pages\/79\/revisions\/98"}],"wp:attachment":[{"href":"https:\/\/doblhofer.at\/index.php?rest_route=%2Fwp%2Fv2%2Fmedia&parent=79"}],"curies":[{"name":"wp","href":"https:\/\/api.w.org\/{rel}","templated":true}]}}